{"id":5952,"date":"2025-08-03T10:36:20","date_gmt":"2025-08-03T10:36:20","guid":{"rendered":"https:\/\/opdrozlemoymak.com\/?page_id=5952"},"modified":"2025-11-18T12:58:55","modified_gmt":"2025-11-18T12:58:55","slug":"iletisim","status":"publish","type":"page","link":"https:\/\/drfatihturan.com\/en\/iletisim\/","title":{"rendered":"Communication"},"content":{"rendered":"<div data-elementor-type=\"wp-page\" data-elementor-id=\"5952\" class=\"elementor elementor-5952\" data-elementor-post-type=\"page\">\n\t\t\t\t<div class=\"elementor-element elementor-element-6246241b e-flex e-con-boxed e-con e-parent\" data-id=\"6246241b\" data-element_type=\"container\" data-settings=\"{&quot;background_background&quot;:&quot;classic&quot;}\">\n\t\t\t\t\t<div class=\"e-con-inner\">\n\t\t<div class=\"elementor-element elementor-element-5a26cc8 e-con-full e-flex e-con e-child\" data-id=\"5a26cc8\" data-element_type=\"container\">\n\t\t\t\t<div class=\"elementor-element elementor-element-36d07733 elementor-widget elementor-widget-heading\" data-id=\"36d07733\" data-element_type=\"widget\" data-settings=\"{&quot;aos_animation_name&quot;:&quot;none&quot;}\" data-widget_type=\"heading.default\">\n\t\t\t\t\t<h2 class=\"elementor-heading-title elementor-size-default\">CONTACT<\/h2>\t\t\t\t<\/div>\n\t\t\t\t<div class=\"elementor-element elementor-element-acd7329 elementor-widget elementor-widget-text-editor\" data-id=\"acd7329\" data-element_type=\"widget\" data-settings=\"{&quot;aos_animation_name&quot;:&quot;none&quot;}\" data-widget_type=\"text-editor.default\">\n\t\t\t\t\t\t\t\t\t<p>Take the first step to create your personalized treatment plan by meeting with Dr. Fatih TURAN. Reach out to us through our contact page:<\/p><ul><li>Scheduling an appointment<\/li><li>Price information (approximate ranges)<\/li><li>Clinic access information<\/li><\/ul><p>Continuation of previous sentence<\/p><p>After filling out the form, our appointment team will get back to you within 24 hours at the latest.<\/p>\t\t\t\t\t\t\t\t<\/div>\n\t\t\t\t<\/div>\n\t\t<div class=\"elementor-element elementor-element-7cf719dd e-con-full e-flex e-con e-child\" data-id=\"7cf719dd\" data-element_type=\"container\">\n\t\t\t\t<div class=\"elementor-element elementor-element-41442d7c elementor-widget elementor-widget-image\" data-id=\"41442d7c\" data-element_type=\"widget\" data-settings=\"{&quot;aos_animation_name&quot;:&quot;none&quot;}\" data-widget_type=\"image.default\">\n\t\t\t\t\t\t\t\t\t\t\t\t\t\t\t<img fetchpriority=\"high\" decoding=\"async\" width=\"1080\" height=\"853\" src=\"https:\/\/drfatihturan.com\/wp-content\/uploads\/2025\/10\/fatih-turan-1080x853.jpg\" class=\"attachment-sixten-1280x853_crop size-sixten-1280x853_crop wp-image-6901\" alt=\"\" \/>\t\t\t\t\t\t\t\t\t\t\t\t\t\t\t<\/div>\n\t\t\t\t<div class=\"elementor-element elementor-element-13930f1e elementor-widget elementor-widget-heading\" data-id=\"13930f1e\" data-element_type=\"widget\" data-settings=\"{&quot;aos_animation_name&quot;:&quot;none&quot;}\" data-widget_type=\"heading.default\">\n\t\t\t\t\t<h4 class=\"elementor-heading-title elementor-size-default\">\"Book Your Appointment Now For Your Personal Evaluation.\"<\/h4>\t\t\t\t<\/div>\n\t\t\t\t<\/div>\n\t\t\t\t\t<\/div>\n\t\t\t\t<\/div>\n\t\t<div class=\"elementor-element elementor-element-9225450 e-flex e-con-boxed e-con e-parent\" data-id=\"9225450\" data-element_type=\"container\">\n\t\t\t\t\t<div class=\"e-con-inner\">\n\t\t<div class=\"elementor-element elementor-element-9a5e15e e-con-full e-flex e-con e-child\" data-id=\"9a5e15e\" data-element_type=\"container\">\n\t\t\t\t<div class=\"elementor-element elementor-element-bd7e575 elementor-widget elementor-widget-heading\" data-id=\"bd7e575\" data-element_type=\"widget\" data-settings=\"{&quot;aos_animation_name&quot;:&quot;none&quot;}\" data-widget_type=\"heading.default\">\n\t\t\t\t\t<h3 class=\"elementor-heading-title elementor-size-default\">WE ARE ALWAYS WITH YOU<\/h3>\t\t\t\t<\/div>\n\t\t\t\t<\/div>\n\t\t<div class=\"elementor-element elementor-element-4e50028 e-con-full e-flex e-con e-child\" data-id=\"4e50028\" data-element_type=\"container\">\n\t\t\t\t<div class=\"elementor-element elementor-element-e127155 elementor-widget elementor-widget-text-editor\" data-id=\"e127155\" data-element_type=\"widget\" data-settings=\"{&quot;aos_animation_name&quot;:&quot;none&quot;}\" data-widget_type=\"text-editor.default\">\n\t\t\t\t\t\t\t\t\t<p>You can easily contact us for all your questions, appointment requests, and consulting needs. We will be happy to respond to you as soon as possible.<\/p>\t\t\t\t\t\t\t\t<\/div>\n\t\t\t\t<\/div>\n\t\t\t\t\t<\/div>\n\t\t\t\t<\/div>\n\t\t<div class=\"elementor-element elementor-element-29084507 e-grid e-con-boxed e-con e-parent\" data-id=\"29084507\" data-element_type=\"container\" data-settings=\"{&quot;background_background&quot;:&quot;classic&quot;}\">\n\t\t\t\t\t<div class=\"e-con-inner\">\n\t\t\t\t<div class=\"elementor-element elementor-element-b54ac72 elementor-view-default elementor-position-top elementor-mobile-position-top elementor-widget elementor-widget-icon-box\" data-id=\"b54ac72\" data-element_type=\"widget\" data-settings=\"{&quot;aos_animation_name&quot;:&quot;none&quot;}\" data-widget_type=\"icon-box.default\">\n\t\t\t\t\t\t\t<div class=\"elementor-icon-box-wrapper\">\n\n\t\t\t\t\t\t<div class=\"elementor-icon-box-icon\">\n\t\t\t\t<span  class=\"elementor-icon\">\n\t\t\t\t<i aria-hidden=\"true\" class=\"fas fa-map-marked-alt\"><\/i>\t\t\t\t<\/span>\n\t\t\t<\/div>\n\t\t\t\n\t\t\t\t\t\t<div class=\"elementor-icon-box-content\">\n\n\t\t\t\t\t\t\t\t\t<h3 class=\"elementor-icon-box-title\">\n\t\t\t\t\t\t<span  >\n\t\t\t\t\t\t\tADDRESS\t\t\t\t\t\t<\/span>\n\t\t\t\t\t<\/h3>\n\t\t\t\t\n\t\t\t\t\t\t\t\t\t<p class=\"elementor-icon-box-description\">\n\t\t\t\t\t\tIstiklal Neighborhood, Safrancik Street, No:6, Sakarya \/ T\u00fcrkiye\t\t\t\t\t<\/p>\n\t\t\t\t\n\t\t\t<\/div>\n\t\t\t\n\t\t<\/div>\n\t\t\t\t\t\t<\/div>\n\t\t\t\t<div class=\"elementor-element elementor-element-33b83be elementor-view-default elementor-position-top elementor-mobile-position-top elementor-widget elementor-widget-icon-box\" data-id=\"33b83be\" data-element_type=\"widget\" data-settings=\"{&quot;aos_animation_name&quot;:&quot;none&quot;}\" data-widget_type=\"icon-box.default\">\n\t\t\t\t\t\t\t<div class=\"elementor-icon-box-wrapper\">\n\n\t\t\t\t\t\t<div class=\"elementor-icon-box-icon\">\n\t\t\t\t<span  class=\"elementor-icon\">\n\t\t\t\t<i aria-hidden=\"true\" class=\"fas fa-phone-volume\"><\/i>\t\t\t\t<\/span>\n\t\t\t<\/div>\n\t\t\t\n\t\t\t\t\t\t<div class=\"elementor-icon-box-content\">\n\n\t\t\t\t\t\t\t\t\t<h3 class=\"elementor-icon-box-title\">\n\t\t\t\t\t\t<span  >\n\t\t\t\t\t\t\tPHONE\t\t\t\t\t\t<\/span>\n\t\t\t\t\t<\/h3>\n\t\t\t\t\n\t\t\t\t\t\t\t\t\t<p class=\"elementor-icon-box-description\">\n\t\t\t\t\t\t0 530 977 08 90 (24\/7)\u200b\t\t\t\t\t<\/p>\n\t\t\t\t\n\t\t\t<\/div>\n\t\t\t\n\t\t<\/div>\n\t\t\t\t\t\t<\/div>\n\t\t\t\t<div class=\"elementor-element elementor-element-573db2df elementor-view-default elementor-position-top elementor-mobile-position-top elementor-widget elementor-widget-icon-box\" data-id=\"573db2df\" data-element_type=\"widget\" data-settings=\"{&quot;aos_animation_name&quot;:&quot;none&quot;}\" data-widget_type=\"icon-box.default\">\n\t\t\t\t\t\t\t<div class=\"elementor-icon-box-wrapper\">\n\n\t\t\t\t\t\t<div class=\"elementor-icon-box-icon\">\n\t\t\t\t<span  class=\"elementor-icon\">\n\t\t\t\t<i aria-hidden=\"true\" class=\"socicon socicon-mail\"><\/i>\t\t\t\t<\/span>\n\t\t\t<\/div>\n\t\t\t\n\t\t\t\t\t\t<div class=\"elementor-icon-box-content\">\n\n\t\t\t\t\t\t\t\t\t<h3 class=\"elementor-icon-box-title\">\n\t\t\t\t\t\t<span  >\n\t\t\t\t\t\t\tE-MAIL\t\t\t\t\t\t<\/span>\n\t\t\t\t\t<\/h3>\n\t\t\t\t\n\t\t\t\t\t\t\t\t\t<p class=\"elementor-icon-box-description\">\n\t\t\t\t\t\tinfo@drfatihturan.com\t\t\t\t\t<\/p>\n\t\t\t\t\n\t\t\t<\/div>\n\t\t\t\n\t\t<\/div>\n\t\t\t\t\t\t<\/div>\n\t\t\t\t\t<\/div>\n\t\t\t\t<\/div>\n\t\t<div class=\"elementor-element elementor-element-a2284b8 e-flex e-con-boxed e-con e-parent\" data-id=\"a2284b8\" data-element_type=\"container\">\n\t\t\t\t\t<div class=\"e-con-inner\">\n\t\t\t\t<div class=\"elementor-element elementor-element-b184692 elementor-hidden-desktop elementor-hidden-tablet elementor-hidden-mobile elementor-shape-rounded elementor-grid-0 e-grid-align-center elementor-widget elementor-widget-social-icons\" data-id=\"b184692\" data-element_type=\"widget\" data-settings=\"{&quot;aos_animation_name&quot;:&quot;none&quot;}\" data-widget_type=\"social-icons.default\">\n\t\t\t\t\t\t\t<div class=\"elementor-social-icons-wrapper elementor-grid\" role=\"list\">\n\t\t\t\t\t\t\t<span class=\"elementor-grid-item\" role=\"listitem\">\n\t\t\t\t\t<a class=\"elementor-icon elementor-social-icon elementor-social-icon-whatsapp elementor-repeater-item-99c5460\" href=\"https:\/\/api.whatsapp.com\/send\/?phone=905323633092&#038;text&#038;type=phone_number&#038;app_absent=0\" target=\"_blank\">\n\t\t\t\t\t\t<span class=\"elementor-screen-only\">Whatsapp<\/span>\n\t\t\t\t\t\t<i class=\"fab fa-whatsapp\"><\/i>\t\t\t\t\t<\/a>\n\t\t\t\t<\/span>\n\t\t\t\t\t\t\t<span class=\"elementor-grid-item\" role=\"listitem\">\n\t\t\t\t\t<a class=\"elementor-icon elementor-social-icon elementor-social-icon-instagram elementor-repeater-item-b8fc501\" href=\"https:\/\/www.instagram.com\/drozlemoymak\/#\" target=\"_blank\">\n\t\t\t\t\t\t<span class=\"elementor-screen-only\">Instagram<\/span>\n\t\t\t\t\t\t<i class=\"fab fa-instagram\"><\/i>\t\t\t\t\t<\/a>\n\t\t\t\t<\/span>\n\t\t\t\t\t\t\t<span class=\"elementor-grid-item\" role=\"listitem\">\n\t\t\t\t\t<a class=\"elementor-icon elementor-social-icon elementor-social-icon-facebook elementor-repeater-item-dcfb105\" href=\"https:\/\/www.facebook.com\/drozlemoymak\" target=\"_blank\">\n\t\t\t\t\t\t<span class=\"elementor-screen-only\">Facebook<\/span>\n\t\t\t\t\t\t<i class=\"fab fa-facebook\"><\/i>\t\t\t\t\t<\/a>\n\t\t\t\t<\/span>\n\t\t\t\t\t\t\t<span class=\"elementor-grid-item\" role=\"listitem\">\n\t\t\t\t\t<a class=\"elementor-icon elementor-social-icon elementor-social-icon-youtube elementor-repeater-item-f923ad3\" href=\"http:\/\/www.youtube.com\/@op.dr.ozlemoymak\" target=\"_blank\">\n\t\t\t\t\t\t<span class=\"elementor-screen-only\">Youtube<\/span>\n\t\t\t\t\t\t<i class=\"fab fa-youtube\"><\/i>\t\t\t\t\t<\/a>\n\t\t\t\t<\/span>\n\t\t\t\t\t\t\t<span class=\"elementor-grid-item\" role=\"listitem\">\n\t\t\t\t\t<a class=\"elementor-icon elementor-social-icon elementor-social-icon-linkedin elementor-repeater-item-8ae2545\" target=\"_blank\">\n\t\t\t\t\t\t<span class=\"elementor-screen-only\">Linkedin<\/span>\n\t\t\t\t\t\t<i class=\"fab fa-linkedin\"><\/i>\t\t\t\t\t<\/a>\n\t\t\t\t<\/span>\n\t\t\t\t\t<\/div>\n\t\t\t\t\t\t<\/div>\n\t\t\t\t\t<\/div>\n\t\t\t\t<\/div>\n\t\t<div class=\"elementor-element elementor-element-2f6051f7 e-flex e-con-boxed e-con e-parent\" data-id=\"2f6051f7\" data-element_type=\"container\" data-settings=\"{&quot;background_background&quot;:&quot;classic&quot;}\">\n\t\t\t\t\t<div class=\"e-con-inner\">\n\t\t<div class=\"elementor-element elementor-element-729144f1 e-con-full e-flex e-con e-child\" data-id=\"729144f1\" data-element_type=\"container\">\n\t\t\t\t<div class=\"elementor-element elementor-element-31878259 elementor-widget elementor-widget-heading\" data-id=\"31878259\" data-element_type=\"widget\" data-settings=\"{&quot;aos_animation_name&quot;:&quot;none&quot;}\" data-widget_type=\"heading.default\">\n\t\t\t\t\t<h2 class=\"elementor-heading-title elementor-size-default\">WRITE TO US<\/h2>\t\t\t\t<\/div>\n\t\t\t\t<div class=\"elementor-element elementor-element-78b7f41 elementor-widget elementor-widget-text-editor\" data-id=\"78b7f41\" data-element_type=\"widget\" data-settings=\"{&quot;aos_animation_name&quot;:&quot;none&quot;}\" data-widget_type=\"text-editor.default\">\n\t\t\t\t\t\t\t\t\t<p>Contact Us for an Expert Opinion. Fill Out the Form and Op. Dr. Fatih TURAN Team Will Contact You.<\/p>\t\t\t\t\t\t\t\t<\/div>\n\t\t\t\t<div data-aos=\"custom\" data-aos-delay=\"100\" data-aos-once=\"true\" class=\"elementor-element elementor-element-1a1ff299 elementor-widget elementor-widget-vlt-contact-form-7\" data-id=\"1a1ff299\" data-element_type=\"widget\" data-settings=\"{&quot;aos_animation_name&quot;:&quot;custom&quot;}\" data-widget_type=\"vlt-contact-form-7.default\">\n\t\t\t\t<div class=\"elementor-widget-container\">\n\t\t\t\t\t\n\t\t<div class=\"vlt-contact-form-7\">\n\n\t\t\t\n<div class=\"wpcf7 no-js\" id=\"wpcf7-f986-o1\" lang=\"en-US\" dir=\"ltr\" data-wpcf7-id=\"986\">\n<div class=\"screen-reader-response\"><p role=\"status\" aria-live=\"polite\" aria-atomic=\"true\"><\/p> <ul><\/ul><\/div>\n<form action=\"\/en\/wp-json\/wp\/v2\/pages\/5952#wpcf7-f986-o1\" method=\"post\" class=\"wpcf7-form init demo\" aria-label=\"Contact form\" novalidate=\"novalidate\" data-status=\"init\" data-trp-original-action=\"\/en\/wp-json\/wp\/v2\/pages\/5952#wpcf7-f986-o1\">\n<fieldset class=\"hidden-fields-container\"><input type=\"hidden\" name=\"_wpcf7\" value=\"986\" \/><input type=\"hidden\" name=\"_wpcf7_version\" value=\"6.1\" \/><input type=\"hidden\" name=\"_wpcf7_locale\" value=\"en_US\" \/><input type=\"hidden\" name=\"_wpcf7_unit_tag\" value=\"wpcf7-f986-o1\" \/><input type=\"hidden\" name=\"_wpcf7_container_post\" value=\"0\" \/><input type=\"hidden\" name=\"_wpcf7_posted_data_hash\" value=\"\" \/>\n<\/fieldset>\n<div class=\"vlt-form-group\">\n  <span class=\"wpcf7-form-control-wrap\" data-name=\"your-name\"><input size=\"40\" maxlength=\"400\" class=\"wpcf7-form-control wpcf7-text wpcf7-validates-as-required vlt-form-control\" aria-required=\"true\" aria-invalid=\"false\" value=\"\" type=\"text\" name=\"your-name\" \/><\/span>\n  <label class=\"vlt-form-label\">Your Name*<\/label>\n<\/div>\n<div class=\"vlt-form-group\">\n  <span class=\"wpcf7-form-control-wrap\" data-name=\"your-email\"><input size=\"40\" maxlength=\"400\" class=\"wpcf7-form-control wpcf7-email wpcf7-validates-as-required wpcf7-text wpcf7-validates-as-email vlt-form-control\" aria-required=\"true\" aria-invalid=\"false\" value=\"\" type=\"email\" name=\"your-email\" \/><\/span>\n  <label class=\"vlt-form-label\">Your e-Mail*<\/label>\n<\/div>\n<div class=\"vlt-form-group\">\n  <span class=\"wpcf7-form-control-wrap\" data-name=\"your-message\"><textarea cols=\"40\" rows=\"5\" maxlength=\"2000\" class=\"wpcf7-form-control wpcf7-textarea vlt-form-control\" aria-invalid=\"false\" name=\"your-message\"><\/textarea><\/span>\n  <label class=\"vlt-form-label\">Your Message<\/label>\n<\/div>\n<div class=\"text-left\">\n  <div class=\"vlt-gap-40\"><\/div>\n  <button class=\"vlt-btn vlt-btn--primary vlt-btn--effect vlt-btn--lg\">Send<\/button>\n<\/div><p style=\"display: none !important;\" class=\"akismet-fields-container\" data-prefix=\"_wpcf7_ak_\"><label>&#916;<textarea name=\"_wpcf7_ak_hp_textarea\" cols=\"45\" rows=\"8\" maxlength=\"100\"><\/textarea><\/label><input type=\"hidden\" id=\"ak_js_1\" name=\"_wpcf7_ak_js\" value=\"73\"\/><script>document.getElementById( \"ak_js_1\" ).setAttribute( \"value\", ( new Date() ).getTime() );<\/script><\/p><div class=\"wpcf7-response-output\" aria-hidden=\"true\"><\/div>\n<input type=\"hidden\" name=\"trp-form-language\" value=\"en\"\/><\/form>\n<\/div>\n\n\t\t<\/div>\n\n\t\t\t\t\t\t<\/div>\n\t\t\t\t<\/div>\n\t\t\t\t<\/div>\n\t\t<div class=\"elementor-element elementor-element-3734bcc8 e-con-full e-flex e-con e-child\" data-id=\"3734bcc8\" data-element_type=\"container\" data-settings=\"{&quot;background_background&quot;:&quot;classic&quot;}\">\n\t\t\t\t<div class=\"elementor-element elementor-element-75630b11 elementor-widget__width-initial elementor-widget elementor-widget-google_maps\" data-id=\"75630b11\" data-element_type=\"widget\" data-settings=\"{&quot;aos_animation_name&quot;:&quot;none&quot;}\" data-widget_type=\"google_maps.default\">\n\t\t\t\t\t\t\t<div class=\"elementor-custom-embed\">\n\t\t\t<iframe loading=\"lazy\"\n\t\t\t\t\tsrc=\"https:\/\/maps.google.com\/maps?q=S%C3%BCmer%20Sokak%2C%20No%3A2%20%2C%20Ac%C4%B1badem%20Hastanesi%20yan%C4%B1%20Kat%3A7%2C%20no%3A21%2016110%20Ni%CC%87l%C3%BCfer%2FBursa%2FTurkey&#038;t=m&#038;z=13&#038;output=embed&#038;iwloc=near\"\n\t\t\t\t\ttitle=\"Sumer Street, No: 2, next to Acibadem Hospital, Floor: 7, No: 21, 16110 Ni\u0307l\u00fcfer\/Bursa\/Turkey\"\n\t\t\t\t\taria-label=\"Sumer Street, No: 2, next to Acibadem Hospital, Floor: 7, No: 21, 16110 Ni\u0307l\u00fcfer\/Bursa\/Turkey\"\n\t\t\t><\/iframe>\n\t\t<\/div>\n\t\t\t\t\t\t<\/div>\n\t\t\t\t<\/div>\n\t\t\t\t\t<\/div>\n\t\t\t\t<\/div>\n\t\t<div class=\"elementor-element elementor-element-158870ac e-flex e-con-boxed e-con e-parent\" data-id=\"158870ac\" data-element_type=\"container\">\n\t\t\t\t\t<div class=\"e-con-inner\">\n\t\t\t\t<div class=\"elementor-element elementor-element-713516e1 elementor-widget elementor-widget-spacer\" data-id=\"713516e1\" data-element_type=\"widget\" data-settings=\"{&quot;aos_animation_name&quot;:&quot;none&quot;}\" data-widget_type=\"spacer.default\">\n\t\t\t\t\t\t\t<div class=\"elementor-spacer\">\n\t\t\t<div class=\"elementor-spacer-inner\"><\/div>\n\t\t<\/div>\n\t\t\t\t\t\t<\/div>\n\t\t\t\t\t<\/div>\n\t\t\t\t<\/div>\n\t\t\t\t<\/div>","protected":false},"excerpt":{"rendered":"<p>\u0130LET\u0130\u015e\u0130M Dr. Fatih TURAN ile bir araya gelerek size \u00f6zel tedavi plan\u0131n\u0131z\u0131 olu\u015fturmak i\u00e7in ilk ad\u0131m\u0131 at\u0131n. \u0130leti\u015fim sayfam\u0131z \u00fczerinden bize ula\u015farak: Randevu olu\u015fturma Fiyat bilgisi (yakla\u015f\u0131k aral\u0131klar) Klini\u011fe ula\u015f\u0131m bilgileri gibi konularda h\u0131zl\u0131ca destek alabilirsiniz. Formu doldurduktan sonra randevu ekibimiz, en ge\u00e7 24 saat i\u00e7inde size geri d\u00f6n\u00fc\u015f yapacakt\u0131r. &#8220;Ki\u015fisel De\u011ferlendirmeniz \u0130\u00e7in Hemen Randevu [&hellip;]<\/p>","protected":false},"author":1,"featured_media":0,"parent":0,"menu_order":0,"comment_status":"closed","ping_status":"closed","template":"","meta":{"_acf_changed":false,"_vp_format_video_url":"","_vp_image_focal_point":[],"footnotes":""},"class_list":["post-5952","page","type-page","status-publish","hentry"],"acf":[],"yoast_head":"<!-- This site is optimized with the Yoast SEO plugin v26.2 - https:\/\/yoast.com\/wordpress\/plugins\/seo\/ -->\n<title>\u0130leti\u015fim - Op. Dr. Fatih TURAN Sakarya KBB Uzman\u0131 Randevu ve \u0130leti\u015fim | Dr. Fatih Turan<\/title>\n<meta name=\"description\" content=\"Sakarya&#039;daki klini\u011fimizden Rinoplasti (Burun Esteti\u011fi) ve t\u00fcm KBB hastal\u0131klar\u0131 i\u00e7in kolayca randevu al\u0131n. Adres, telefon ve yol tarifi bilgileri i\u00e7in bize ula\u015f\u0131n.\" \/>\n<meta name=\"robots\" content=\"index, follow, max-snippet:-1, max-image-preview:large, max-video-preview:-1\" \/>\n<link rel=\"canonical\" href=\"https:\/\/drfatihturan.com\/en\/iletisim\/\" \/>\n<meta property=\"og:locale\" content=\"en_US\" \/>\n<meta property=\"og:type\" content=\"article\" \/>\n<meta property=\"og:title\" content=\"\u0130leti\u015fim - Op. Dr. Fatih TURAN Sakarya KBB Uzman\u0131 Randevu ve \u0130leti\u015fim | Dr. Fatih Turan\" \/>\n<meta property=\"og:description\" content=\"Sakarya&#039;daki klini\u011fimizden Rinoplasti (Burun Esteti\u011fi) ve t\u00fcm KBB hastal\u0131klar\u0131 i\u00e7in kolayca randevu al\u0131n. Adres, telefon ve yol tarifi bilgileri i\u00e7in bize ula\u015f\u0131n.\" \/>\n<meta property=\"og:url\" content=\"https:\/\/drfatihturan.com\/en\/iletisim\/\" \/>\n<meta property=\"og:site_name\" content=\"Op. Dr. Fatih TURAN\" \/>\n<meta property=\"article:modified_time\" content=\"2025-11-18T12:58:55+00:00\" \/>\n<meta property=\"og:image\" content=\"https:\/\/demo33.drmuratimer.com\/wp-content\/uploads\/2025\/10\/fatih-turan-1080x853.jpg\" \/>\n<meta name=\"twitter:card\" content=\"summary_large_image\" \/>\n<meta name=\"twitter:label1\" content=\"Est. reading time\" \/>\n\t<meta name=\"twitter:data1\" content=\"1 minute\" \/>\n<script type=\"application\/ld+json\" class=\"yoast-schema-graph\">{\"@context\":\"https:\/\/schema.org\",\"@graph\":[{\"@type\":\"WebPage\",\"@id\":\"https:\/\/drfatihturan.com\/iletisim\/\",\"url\":\"https:\/\/drfatihturan.com\/iletisim\/\",\"name\":\"\u0130leti\u015fim - Op. Dr. Fatih TURAN Sakarya KBB Uzman\u0131 Randevu ve \u0130leti\u015fim | Dr. Fatih Turan\",\"isPartOf\":{\"@id\":\"https:\/\/drfatihturan.com\/#website\"},\"primaryImageOfPage\":{\"@id\":\"https:\/\/drfatihturan.com\/iletisim\/#primaryimage\"},\"image\":{\"@id\":\"https:\/\/drfatihturan.com\/iletisim\/#primaryimage\"},\"thumbnailUrl\":\"https:\/\/demo33.drmuratimer.com\/wp-content\/uploads\/2025\/10\/fatih-turan-1080x853.jpg\",\"datePublished\":\"2025-08-03T10:36:20+00:00\",\"dateModified\":\"2025-11-18T12:58:55+00:00\",\"description\":\"Sakarya'daki klini\u011fimizden Rinoplasti (Burun Esteti\u011fi) ve t\u00fcm KBB hastal\u0131klar\u0131 i\u00e7in kolayca randevu al\u0131n. Adres, telefon ve yol tarifi bilgileri i\u00e7in bize ula\u015f\u0131n.\",\"breadcrumb\":{\"@id\":\"https:\/\/drfatihturan.com\/iletisim\/#breadcrumb\"},\"inLanguage\":\"en-US\",\"potentialAction\":[{\"@type\":\"ReadAction\",\"target\":[\"https:\/\/drfatihturan.com\/iletisim\/\"]}]},{\"@type\":\"ImageObject\",\"inLanguage\":\"en-US\",\"@id\":\"https:\/\/drfatihturan.com\/iletisim\/#primaryimage\",\"url\":\"https:\/\/demo33.drmuratimer.com\/wp-content\/uploads\/2025\/10\/fatih-turan-1080x853.jpg\",\"contentUrl\":\"https:\/\/demo33.drmuratimer.com\/wp-content\/uploads\/2025\/10\/fatih-turan-1080x853.jpg\"},{\"@type\":\"BreadcrumbList\",\"@id\":\"https:\/\/drfatihturan.com\/iletisim\/#breadcrumb\",\"itemListElement\":[{\"@type\":\"ListItem\",\"position\":1,\"name\":\"Anasayfa\",\"item\":\"https:\/\/drfatihturan.com\/\"},{\"@type\":\"ListItem\",\"position\":2,\"name\":\"\u0130leti\u015fim\"}]},{\"@type\":\"WebSite\",\"@id\":\"https:\/\/drfatihturan.com\/#website\",\"url\":\"https:\/\/drfatihturan.com\/\",\"name\":\"Op. Dr. Fatih TURAN\",\"description\":\"\",\"potentialAction\":[{\"@type\":\"SearchAction\",\"target\":{\"@type\":\"EntryPoint\",\"urlTemplate\":\"https:\/\/drfatihturan.com\/?s={search_term_string}\"},\"query-input\":{\"@type\":\"PropertyValueSpecification\",\"valueRequired\":true,\"valueName\":\"search_term_string\"}}],\"inLanguage\":\"en-US\"}]}<\/script>\n<!-- \/ Yoast SEO plugin. -->","yoast_head_json":{"title":"\u0130leti\u015fim - Op. Dr. Fatih TURAN Sakarya KBB Uzman\u0131 Randevu ve \u0130leti\u015fim | Dr. Fatih Turan","description":"Sakarya'daki klini\u011fimizden Rinoplasti (Burun Esteti\u011fi) ve t\u00fcm KBB hastal\u0131klar\u0131 i\u00e7in kolayca randevu al\u0131n. Adres, telefon ve yol tarifi bilgileri i\u00e7in bize ula\u015f\u0131n.","robots":{"index":"index","follow":"follow","max-snippet":"max-snippet:-1","max-image-preview":"max-image-preview:large","max-video-preview":"max-video-preview:-1"},"canonical":"https:\/\/drfatihturan.com\/en\/iletisim\/","og_locale":"en_US","og_type":"article","og_title":"\u0130leti\u015fim - Op. Dr. Fatih TURAN Sakarya KBB Uzman\u0131 Randevu ve \u0130leti\u015fim | Dr. Fatih Turan","og_description":"Sakarya'daki klini\u011fimizden Rinoplasti (Burun Esteti\u011fi) ve t\u00fcm KBB hastal\u0131klar\u0131 i\u00e7in kolayca randevu al\u0131n. Adres, telefon ve yol tarifi bilgileri i\u00e7in bize ula\u015f\u0131n.","og_url":"https:\/\/drfatihturan.com\/en\/iletisim\/","og_site_name":"Op. Dr. Fatih TURAN","article_modified_time":"2025-11-18T12:58:55+00:00","og_image":[{"url":"https:\/\/demo33.drmuratimer.com\/wp-content\/uploads\/2025\/10\/fatih-turan-1080x853.jpg","type":"","width":"","height":""}],"twitter_card":"summary_large_image","twitter_misc":{"Est. reading time":"1 minute"},"schema":{"@context":"https:\/\/schema.org","@graph":[{"@type":"WebPage","@id":"https:\/\/drfatihturan.com\/iletisim\/","url":"https:\/\/drfatihturan.com\/iletisim\/","name":"\u0130leti\u015fim - Op. Dr. Fatih TURAN Sakarya KBB Uzman\u0131 Randevu ve \u0130leti\u015fim | Dr. Fatih Turan","isPartOf":{"@id":"https:\/\/drfatihturan.com\/#website"},"primaryImageOfPage":{"@id":"https:\/\/drfatihturan.com\/iletisim\/#primaryimage"},"image":{"@id":"https:\/\/drfatihturan.com\/iletisim\/#primaryimage"},"thumbnailUrl":"https:\/\/demo33.drmuratimer.com\/wp-content\/uploads\/2025\/10\/fatih-turan-1080x853.jpg","datePublished":"2025-08-03T10:36:20+00:00","dateModified":"2025-11-18T12:58:55+00:00","description":"Sakarya'daki klini\u011fimizden Rinoplasti (Burun Esteti\u011fi) ve t\u00fcm KBB hastal\u0131klar\u0131 i\u00e7in kolayca randevu al\u0131n. Adres, telefon ve yol tarifi bilgileri i\u00e7in bize ula\u015f\u0131n.","breadcrumb":{"@id":"https:\/\/drfatihturan.com\/iletisim\/#breadcrumb"},"inLanguage":"en-US","potentialAction":[{"@type":"ReadAction","target":["https:\/\/drfatihturan.com\/iletisim\/"]}]},{"@type":"ImageObject","inLanguage":"en-US","@id":"https:\/\/drfatihturan.com\/iletisim\/#primaryimage","url":"https:\/\/demo33.drmuratimer.com\/wp-content\/uploads\/2025\/10\/fatih-turan-1080x853.jpg","contentUrl":"https:\/\/demo33.drmuratimer.com\/wp-content\/uploads\/2025\/10\/fatih-turan-1080x853.jpg"},{"@type":"BreadcrumbList","@id":"https:\/\/drfatihturan.com\/iletisim\/#breadcrumb","itemListElement":[{"@type":"ListItem","position":1,"name":"Anasayfa","item":"https:\/\/drfatihturan.com\/"},{"@type":"ListItem","position":2,"name":"\u0130leti\u015fim"}]},{"@type":"WebSite","@id":"https:\/\/drfatihturan.com\/#website","url":"https:\/\/drfatihturan.com\/","name":"Op. Dr. Fatih TURAN","description":"","potentialAction":[{"@type":"SearchAction","target":{"@type":"EntryPoint","urlTemplate":"https:\/\/drfatihturan.com\/?s={search_term_string}"},"query-input":{"@type":"PropertyValueSpecification","valueRequired":true,"valueName":"search_term_string"}}],"inLanguage":"en-US"}]}},"_links":{"self":[{"href":"https:\/\/drfatihturan.com\/en\/wp-json\/wp\/v2\/pages\/5952","targetHints":{"allow":["GET"]}}],"collection":[{"href":"https:\/\/drfatihturan.com\/en\/wp-json\/wp\/v2\/pages"}],"about":[{"href":"https:\/\/drfatihturan.com\/en\/wp-json\/wp\/v2\/types\/page"}],"author":[{"embeddable":true,"href":"https:\/\/drfatihturan.com\/en\/wp-json\/wp\/v2\/users\/1"}],"replies":[{"embeddable":true,"href":"https:\/\/drfatihturan.com\/en\/wp-json\/wp\/v2\/comments?post=5952"}],"version-history":[{"count":31,"href":"https:\/\/drfatihturan.com\/en\/wp-json\/wp\/v2\/pages\/5952\/revisions"}],"predecessor-version":[{"id":7148,"href":"https:\/\/drfatihturan.com\/en\/wp-json\/wp\/v2\/pages\/5952\/revisions\/7148"}],"wp:attachment":[{"href":"https:\/\/drfatihturan.com\/en\/wp-json\/wp\/v2\/media?parent=5952"}],"curies":[{"name":"wp","href":"https:\/\/api.w.org\/{rel}","templated":true}]}}